{"id":1709,"date":"2021-06-04T20:18:23","date_gmt":"2021-06-04T18:18:23","guid":{"rendered":"http:\/\/www.ekos.at\/?page_id=1709"},"modified":"2025-03-29T10:20:19","modified_gmt":"2025-03-29T09:20:19","slug":"bildung","status":"publish","type":"page","link":"https:\/\/www.ekos.at\/?page_id=1709","title":{"rendered":"Bildung"},"content":{"rendered":"\t\t<div data-elementor-type=\"wp-post\" data-elementor-id=\"1709\" class=\"elementor elementor-1709\">\n\t\t\t\t\t\t<section class=\"elementor-section elementor-top-section elementor-element elementor-element-2eac2409 elementor-section-boxed elementor-section-height-default elementor-section-height-default\" data-id=\"2eac2409\" data-element_type=\"section\" data-e-type=\"section\" id=\"home\" data-settings=\"{&quot;background_background&quot;:&quot;video&quot;,&quot;background_video_start&quot;:25,&quot;background_video_end&quot;:235}\">\n\t\t\t\t\t\t\t<div class=\"elementor-background-overlay\"><\/div>\n\t\t\t\t\t\t\t<div class=\"elementor-container elementor-column-gap-default\">\n\t\t\t\t\t<div class=\"elementor-column elementor-col-100 elementor-top-column elementor-element elementor-element-5d4ead7\" data-id=\"5d4ead7\" data-element_type=\"column\" data-e-type=\"column\">\n\t\t\t<div class=\"elementor-widget-wrap elementor-element-populated\">\n\t\t\t\t\t\t<div class=\"elementor-element elementor-element-a62a237 elementor-widget__width-initial elementor-widget elementor-widget-text-editor\" data-id=\"a62a237\" data-element_type=\"widget\" data-e-type=\"widget\" data-widget_type=\"text-editor.default\">\n\t\t\t\t<div class=\"elementor-widget-container\">\n\t\t\t\t\t\t\t\t\t<p><strong>Kursangebot:<\/strong><\/p>\t\t\t\t\t\t\t\t<\/div>\n\t\t\t\t<\/div>\n\t\t\t\t<div class=\"elementor-element elementor-element-8ff5db2 elementor-widget__width-initial elementor-widget elementor-widget-text-editor\" data-id=\"8ff5db2\" data-element_type=\"widget\" data-e-type=\"widget\" data-widget_type=\"text-editor.default\">\n\t\t\t\t<div class=\"elementor-widget-container\">\n\t\t\t\t\t\t\t\t\t<ul><li style=\"list-style-type: none;\"><ul><li><strong>Arbeiten unter Spannung<\/strong><ul><li>Laufende Kurstermine<\/li><li>F\u00fcr Gruppen oder Einzelpersonen<br \/><br \/><\/li><\/ul><\/li><li><strong>Nachhilfeschulungen<\/strong><ul><li>F\u00fcr Gruppen oder Einzelpersonen<\/li><li>F\u00fcr einzelne oder mehrere F\u00e4cher<br \/><br \/><\/li><\/ul><\/li><li><strong>Grundlagenkurs f\u00fcr die Vorbereitung zur<br \/>Elektrotechnische unterwiesen Person<\/strong><ul><li>Kurse f\u00fcr Gruppen auf Anfrage<br \/><br \/><\/li><\/ul><\/li><li><strong>Grundlagenkurs f\u00fcr die Vorbereitung zur<br \/>&#8222;Elektrofachkraft&#8220;<\/strong><ul><li>F\u00fcr Gruppen (6-12 Personen)<br \/><br \/><\/li><\/ul><\/li><li><strong>Vorbereitungskurse zur LAP<\/strong><ul><li>Einzelpersonen bitte direkt beim<br \/><a href=\"https:\/\/www.fa-elektro.at\/\" target=\"_blank\" rel=\"noopener\">Fachausschuss der Elektrotechniker<\/a><br \/>1150 Wien, H\u00fctteldorferstra\u00dfe 5<br \/>anfragen!<\/li><\/ul><\/li><\/ul><\/li><\/ul>\t\t\t\t\t\t\t\t<\/div>\n\t\t\t\t<\/div>\n\t\t\t\t\t<\/div>\n\t\t<\/div>\n\t\t\t\t\t<\/div>\n\t\t<\/section>\n\t\t\t\t<section class=\"elementor-section elementor-top-section elementor-element elementor-element-3ebc9ec elementor-section-boxed elementor-section-height-default elementor-section-height-default\" data-id=\"3ebc9ec\" data-element_type=\"section\" data-e-type=\"section\">\n\t\t\t\t\t\t<div class=\"elementor-container elementor-column-gap-default\">\n\t\t\t\t\t<div class=\"elementor-column elementor-col-100 elementor-top-column elementor-element elementor-element-1d56d03\" data-id=\"1d56d03\" data-element_type=\"column\" data-e-type=\"column\">\n\t\t\t<div class=\"elementor-widget-wrap\">\n\t\t\t\t\t\t\t<\/div>\n\t\t<\/div>\n\t\t\t\t\t<\/div>\n\t\t<\/section>\n\t\t\t\t<\/div>\n\t\t","protected":false},"excerpt":{"rendered":"<p>Kursangebot: Arbeiten unter Spannung Laufende Kurstermine F\u00fcr Gruppen oder Einzelpersonen Nachhilfeschulungen F\u00fcr Gruppen oder Einzelpersonen F\u00fcr einzelne oder mehrere F\u00e4cher Grundlagenkurs f\u00fcr die Vorbereitung zurElektrotechnische unterwiesen Person Kurse f\u00fcr Gruppen auf Anfrage Grundlagenkurs f\u00fcr die Vorbereitung zur&#8222;Elektrofachkraft&#8220; F\u00fcr Gruppen (6-12 Personen) Vorbereitungskurse zur LAP Einzelpersonen bitte direkt beimFachausschuss der Elektrotechniker1150 Wien, H\u00fctteldorferstra\u00dfe 5anfragen!<\/p>\n","protected":false},"author":1,"featured_media":1373,"parent":1388,"menu_order":30,"comment_status":"closed","ping_status":"closed","template":"template-page-builders.php","meta":{"footnotes":""},"class_list":["post-1709","page","type-page","status-publish","has-post-thumbnail","hentry"],"_links":{"self":[{"href":"https:\/\/www.ekos.at\/index.php?rest_route=\/wp\/v2\/pages\/1709","targetHints":{"allow":["GET"]}}],"collection":[{"href":"https:\/\/www.ekos.at\/index.php?rest_route=\/wp\/v2\/pages"}],"about":[{"href":"https:\/\/www.ekos.at\/index.php?rest_route=\/wp\/v2\/types\/page"}],"author":[{"embeddable":true,"href":"https:\/\/www.ekos.at\/index.php?rest_route=\/wp\/v2\/users\/1"}],"replies":[{"embeddable":true,"href":"https:\/\/www.ekos.at\/index.php?rest_route=%2Fwp%2Fv2%2Fcomments&post=1709"}],"version-history":[{"count":39,"href":"https:\/\/www.ekos.at\/index.php?rest_route=\/wp\/v2\/pages\/1709\/revisions"}],"predecessor-version":[{"id":2009,"href":"https:\/\/www.ekos.at\/index.php?rest_route=\/wp\/v2\/pages\/1709\/revisions\/2009"}],"up":[{"embeddable":true,"href":"https:\/\/www.ekos.at\/index.php?rest_route=\/wp\/v2\/pages\/1388"}],"wp:featuredmedia":[{"embeddable":true,"href":"https:\/\/www.ekos.at\/index.php?rest_route=\/wp\/v2\/media\/1373"}],"wp:attachment":[{"href":"https:\/\/www.ekos.at\/index.php?rest_route=%2Fwp%2Fv2%2Fmedia&parent=1709"}],"curies":[{"name":"wp","href":"https:\/\/api.w.org\/{rel}","templated":true}]}}